{"id":15363,"date":"2025-11-21T14:49:59","date_gmt":"2025-11-21T13:49:59","guid":{"rendered":"https:\/\/www.mubilexpo.eus\/?page_id=15363"},"modified":"2026-01-22T13:56:46","modified_gmt":"2026-01-22T13:56:46","slug":"inscription-visiteurs","status":"publish","type":"page","link":"https:\/\/www.mubilexpo.eus\/fr\/visiteurs\/inscription-visiteurs\/","title":{"rendered":"Inscription visiteurs"},"content":{"rendered":"\t\t<div data-elementor-type=\"wp-page\" data-elementor-id=\"15363\" class=\"elementor elementor-15363\" data-elementor-post-type=\"page\">\n\t\t\t\t<div class=\"elementor-element elementor-element-56ca2cf e-flex e-con-boxed e-con e-parent\" data-id=\"56ca2cf\" data-element_type=\"container\" data-e-type=\"container\">\n\t\t\t\t\t<div class=\"e-con-inner\">\n\t\t\t\t<div class=\"elementor-element elementor-element-6917822 elementor-widget elementor-widget-text-editor\" data-id=\"6917822\" data-element_type=\"widget\" data-e-type=\"widget\" data-widget_type=\"text-editor.default\">\n\t\t\t\t<div class=\"elementor-widget-container\">\n\t\t\t\t\t\t\t\t\t<h3 data-start=\"61\" data-end=\"108\"><strong>Participez \u00e0 la mobilit\u00e9 qui transforme<\/strong><\/h3><p data-start=\"109\" data-end=\"495\"><strong>Visitez MUBIL Mobility Expo, l&rsquo;\u00e9v\u00e9nement professionnel de r\u00e9f\u00e9rence en mati\u00e8re de mobilit\u00e9 durable dans le sud de l&rsquo;Europe, les 25 et 26 mars 2026<\/strong><\/p><p data-start=\"109\" data-end=\"495\">D\u00e9couvrez des solutions industrielles et num\u00e9riques, rencontrez les acteurs cl\u00e9s du secteur et d\u00e9couvrez les innovations qui transforment notre fa\u00e7on de nous d\u00e9placer.<\/p>\t\t\t\t\t\t\t\t<\/div>\n\t\t\t\t<\/div>\n\t\t\t\t\t<\/div>\n\t\t\t\t<\/div>\n\t\t<div class=\"elementor-element elementor-element-869b028 e-flex e-con-boxed e-con e-parent\" data-id=\"869b028\" data-element_type=\"container\" data-e-type=\"container\">\n\t\t\t\t\t<div class=\"e-con-inner\">\n\t\t\t\t<div class=\"elementor-element elementor-element-9061db8 elementor-widget elementor-widget-html\" data-id=\"9061db8\" data-element_type=\"widget\" data-e-type=\"widget\" data-widget_type=\"html.default\">\n\t\t\t\t<div class=\"elementor-widget-container\">\n\t\t\t\t\t<iframe\n  src=\"https:\/\/publicalt.xeria.es\/mubil_mobility_expo_2026\/fr\/register\/RegisterPage\/visitantes\"\n  width=\"100%\"\n  height=\"1250\"\n  frameborder=\"0\"\n  style=\"border: none; overflow: auto;\"\n  scrolling=\"yes\"\n  allowfullscreen\n><\/iframe>\t\t\t\t<\/div>\n\t\t\t\t<\/div>\n\t\t\t\t\t<\/div>\n\t\t\t\t<\/div>\n\t\t\t\t<\/div>\n\t\t","protected":false},"excerpt":{"rendered":"<p>Participez \u00e0 la mobilit\u00e9 qui transforme Visitez MUBIL Mobility Expo, l&rsquo;\u00e9v\u00e9nement professionnel de r\u00e9f\u00e9rence en mati\u00e8re de mobilit\u00e9 durable dans le sud de l&rsquo;Europe, les 25 et 26 mars 2026 D\u00e9couvrez des solutions industrielles et num\u00e9riques, rencontrez les acteurs cl\u00e9s du secteur et d\u00e9couvrez les innovations qui transforment notre fa\u00e7on de nous d\u00e9placer.<\/p>\n","protected":false},"author":4,"featured_media":0,"parent":4650,"menu_order":13,"comment_status":"closed","ping_status":"closed","template":"","meta":{"footnotes":""},"categories":[],"tags":[],"class_list":["post-15363","page","type-page","status-publish","hentry"],"yoast_head":"<!-- This site is optimized with the Yoast SEO plugin v27.1.1 - https:\/\/yoast.com\/product\/yoast-seo-wordpress\/ -->\n<title>Inscription visiteurs - Mubil Mobility Expo<\/title>\n<meta name=\"description\" content=\"La feria profesional de la industria de la movilidad sostenible en el sur de Europa.\" \/>\n<meta name=\"robots\" content=\"index, follow, max-snippet:-1, max-image-preview:large, max-video-preview:-1\" \/>\n<link rel=\"canonical\" href=\"https:\/\/www.mubilexpo.eus\/fr\/visiteurs\/inscription-visiteurs\/\" \/>\n<meta property=\"og:locale\" content=\"fr_FR\" \/>\n<meta property=\"og:type\" content=\"article\" \/>\n<meta property=\"og:title\" content=\"Inscription visiteurs - Mubil Mobility Expo\" \/>\n<meta property=\"og:description\" content=\"La feria profesional de la industria de la movilidad sostenible en el sur de Europa.\" \/>\n<meta property=\"og:url\" content=\"https:\/\/www.mubilexpo.eus\/fr\/visiteurs\/inscription-visiteurs\/\" \/>\n<meta property=\"og:site_name\" content=\"Mubil Mobility Expo\" \/>\n<meta property=\"article:modified_time\" content=\"2026-01-22T13:56:46+00:00\" \/>\n<meta property=\"og:image\" content=\"https:\/\/www.mubilexpo.eus\/wp-content\/uploads\/2025\/10\/logo-mubil.jpg\" \/>\n\t<meta property=\"og:image:width\" content=\"1200\" \/>\n\t<meta property=\"og:image:height\" content=\"627\" \/>\n\t<meta property=\"og:image:type\" content=\"image\/jpeg\" \/>\n<meta name=\"twitter:card\" content=\"summary_large_image\" \/>\n<meta name=\"twitter:site\" content=\"@mubilexpo\" \/>\n<meta name=\"twitter:label1\" content=\"Dur\u00e9e de lecture estim\u00e9e\" \/>\n\t<meta name=\"twitter:data1\" content=\"1 minute\" \/>\n<script type=\"application\/ld+json\" class=\"yoast-schema-graph\">{\"@context\":\"https:\/\/schema.org\",\"@graph\":[{\"@type\":\"WebPage\",\"@id\":\"https:\/\/www.mubilexpo.eus\/fr\/visiteurs\/inscription-visiteurs\/\",\"url\":\"https:\/\/www.mubilexpo.eus\/fr\/visiteurs\/inscription-visiteurs\/\",\"name\":\"Inscription visiteurs - Mubil Mobility Expo\",\"isPartOf\":{\"@id\":\"https:\/\/www.mubilexpo.eus\/#website\"},\"datePublished\":\"2025-11-21T13:49:59+00:00\",\"dateModified\":\"2026-01-22T13:56:46+00:00\",\"description\":\"La feria profesional de la industria de la movilidad sostenible en el sur de Europa.\",\"breadcrumb\":{\"@id\":\"https:\/\/www.mubilexpo.eus\/fr\/visiteurs\/inscription-visiteurs\/#breadcrumb\"},\"inLanguage\":\"fr-FR\",\"potentialAction\":[{\"@type\":\"ReadAction\",\"target\":[\"https:\/\/www.mubilexpo.eus\/fr\/visiteurs\/inscription-visiteurs\/\"]}]},{\"@type\":\"BreadcrumbList\",\"@id\":\"https:\/\/www.mubilexpo.eus\/fr\/visiteurs\/inscription-visiteurs\/#breadcrumb\",\"itemListElement\":[{\"@type\":\"ListItem\",\"position\":1,\"name\":\"Portada\",\"item\":\"https:\/\/www.mubilexpo.eus\/\"},{\"@type\":\"ListItem\",\"position\":2,\"name\":\"VISITEURS\",\"item\":\"https:\/\/www.mubilexpo.eus\/fr\/visiteurs\/\"},{\"@type\":\"ListItem\",\"position\":3,\"name\":\"Inscription visiteurs\"}]},{\"@type\":\"WebSite\",\"@id\":\"https:\/\/www.mubilexpo.eus\/#website\",\"url\":\"https:\/\/www.mubilexpo.eus\/\",\"name\":\"Mubil Mobility Expo\",\"description\":\"5e \u00e9dition du salon professionnel de la mobilit\u00e9 durable, avec des solutions industrielles et num\u00e9riques. 25\u201326 mars 2026 \u00e0 FICOBA (Basque Country).\",\"publisher\":{\"@id\":\"https:\/\/www.mubilexpo.eus\/#organization\"},\"alternateName\":\"La feria profesional de la industria de la movilidad sostenible en el sur de Europa.\",\"potentialAction\":[{\"@type\":\"SearchAction\",\"target\":{\"@type\":\"EntryPoint\",\"urlTemplate\":\"https:\/\/www.mubilexpo.eus\/?s={search_term_string}\"},\"query-input\":{\"@type\":\"PropertyValueSpecification\",\"valueRequired\":true,\"valueName\":\"search_term_string\"}}],\"inLanguage\":\"fr-FR\"},{\"@type\":\"Organization\",\"@id\":\"https:\/\/www.mubilexpo.eus\/#organization\",\"name\":\"Mubil Mobility Expo\",\"alternateName\":\"La feria profesional de la industria de la movilidad sostenible en el sur de Europa.\",\"url\":\"https:\/\/www.mubilexpo.eus\/\",\"logo\":{\"@type\":\"ImageObject\",\"inLanguage\":\"fr-FR\",\"@id\":\"https:\/\/www.mubilexpo.eus\/#\/schema\/logo\/image\/\",\"url\":\"https:\/\/www.mubilexpo.eus\/wp-content\/uploads\/2023\/05\/AZUL_horizontal.png\",\"contentUrl\":\"https:\/\/www.mubilexpo.eus\/wp-content\/uploads\/2023\/05\/AZUL_horizontal.png\",\"width\":3781,\"height\":286,\"caption\":\"Mubil Mobility Expo\"},\"image\":{\"@id\":\"https:\/\/www.mubilexpo.eus\/#\/schema\/logo\/image\/\"},\"sameAs\":[\"https:\/\/x.com\/mubilexpo\",\"https:\/\/www.linkedin.com\/company\/mubilexpo\/\"]}]}<\/script>\n<!-- \/ Yoast SEO plugin. -->","yoast_head_json":{"title":"Inscription visiteurs - Mubil Mobility Expo","description":"La feria profesional de la industria de la movilidad sostenible en el sur de Europa.","robots":{"index":"index","follow":"follow","max-snippet":"max-snippet:-1","max-image-preview":"max-image-preview:large","max-video-preview":"max-video-preview:-1"},"canonical":"https:\/\/www.mubilexpo.eus\/fr\/visiteurs\/inscription-visiteurs\/","og_locale":"fr_FR","og_type":"article","og_title":"Inscription visiteurs - Mubil Mobility Expo","og_description":"La feria profesional de la industria de la movilidad sostenible en el sur de Europa.","og_url":"https:\/\/www.mubilexpo.eus\/fr\/visiteurs\/inscription-visiteurs\/","og_site_name":"Mubil Mobility Expo","article_modified_time":"2026-01-22T13:56:46+00:00","og_image":[{"width":1200,"height":627,"url":"https:\/\/www.mubilexpo.eus\/wp-content\/uploads\/2025\/10\/logo-mubil.jpg","type":"image\/jpeg"}],"twitter_card":"summary_large_image","twitter_site":"@mubilexpo","twitter_misc":{"Dur\u00e9e de lecture estim\u00e9e":"1 minute"},"schema":{"@context":"https:\/\/schema.org","@graph":[{"@type":"WebPage","@id":"https:\/\/www.mubilexpo.eus\/fr\/visiteurs\/inscription-visiteurs\/","url":"https:\/\/www.mubilexpo.eus\/fr\/visiteurs\/inscription-visiteurs\/","name":"Inscription visiteurs - Mubil Mobility Expo","isPartOf":{"@id":"https:\/\/www.mubilexpo.eus\/#website"},"datePublished":"2025-11-21T13:49:59+00:00","dateModified":"2026-01-22T13:56:46+00:00","description":"La feria profesional de la industria de la movilidad sostenible en el sur de Europa.","breadcrumb":{"@id":"https:\/\/www.mubilexpo.eus\/fr\/visiteurs\/inscription-visiteurs\/#breadcrumb"},"inLanguage":"fr-FR","potentialAction":[{"@type":"ReadAction","target":["https:\/\/www.mubilexpo.eus\/fr\/visiteurs\/inscription-visiteurs\/"]}]},{"@type":"BreadcrumbList","@id":"https:\/\/www.mubilexpo.eus\/fr\/visiteurs\/inscription-visiteurs\/#breadcrumb","itemListElement":[{"@type":"ListItem","position":1,"name":"Portada","item":"https:\/\/www.mubilexpo.eus\/"},{"@type":"ListItem","position":2,"name":"VISITEURS","item":"https:\/\/www.mubilexpo.eus\/fr\/visiteurs\/"},{"@type":"ListItem","position":3,"name":"Inscription visiteurs"}]},{"@type":"WebSite","@id":"https:\/\/www.mubilexpo.eus\/#website","url":"https:\/\/www.mubilexpo.eus\/","name":"Mubil Mobility Expo","description":"5e \u00e9dition du salon professionnel de la mobilit\u00e9 durable, avec des solutions industrielles et num\u00e9riques. 25\u201326 mars 2026 \u00e0 FICOBA (Basque Country).","publisher":{"@id":"https:\/\/www.mubilexpo.eus\/#organization"},"alternateName":"La feria profesional de la industria de la movilidad sostenible en el sur de Europa.","potentialAction":[{"@type":"SearchAction","target":{"@type":"EntryPoint","urlTemplate":"https:\/\/www.mubilexpo.eus\/?s={search_term_string}"},"query-input":{"@type":"PropertyValueSpecification","valueRequired":true,"valueName":"search_term_string"}}],"inLanguage":"fr-FR"},{"@type":"Organization","@id":"https:\/\/www.mubilexpo.eus\/#organization","name":"Mubil Mobility Expo","alternateName":"La feria profesional de la industria de la movilidad sostenible en el sur de Europa.","url":"https:\/\/www.mubilexpo.eus\/","logo":{"@type":"ImageObject","inLanguage":"fr-FR","@id":"https:\/\/www.mubilexpo.eus\/#\/schema\/logo\/image\/","url":"https:\/\/www.mubilexpo.eus\/wp-content\/uploads\/2023\/05\/AZUL_horizontal.png","contentUrl":"https:\/\/www.mubilexpo.eus\/wp-content\/uploads\/2023\/05\/AZUL_horizontal.png","width":3781,"height":286,"caption":"Mubil Mobility Expo"},"image":{"@id":"https:\/\/www.mubilexpo.eus\/#\/schema\/logo\/image\/"},"sameAs":["https:\/\/x.com\/mubilexpo","https:\/\/www.linkedin.com\/company\/mubilexpo\/"]}]}},"_links":{"self":[{"href":"https:\/\/www.mubilexpo.eus\/fr\/wp-json\/wp\/v2\/pages\/15363","targetHints":{"allow":["GET"]}}],"collection":[{"href":"https:\/\/www.mubilexpo.eus\/fr\/wp-json\/wp\/v2\/pages"}],"about":[{"href":"https:\/\/www.mubilexpo.eus\/fr\/wp-json\/wp\/v2\/types\/page"}],"author":[{"embeddable":true,"href":"https:\/\/www.mubilexpo.eus\/fr\/wp-json\/wp\/v2\/users\/4"}],"replies":[{"embeddable":true,"href":"https:\/\/www.mubilexpo.eus\/fr\/wp-json\/wp\/v2\/comments?post=15363"}],"version-history":[{"count":8,"href":"https:\/\/www.mubilexpo.eus\/fr\/wp-json\/wp\/v2\/pages\/15363\/revisions"}],"predecessor-version":[{"id":16187,"href":"https:\/\/www.mubilexpo.eus\/fr\/wp-json\/wp\/v2\/pages\/15363\/revisions\/16187"}],"up":[{"embeddable":true,"href":"https:\/\/www.mubilexpo.eus\/fr\/wp-json\/wp\/v2\/pages\/4650"}],"wp:attachment":[{"href":"https:\/\/www.mubilexpo.eus\/fr\/wp-json\/wp\/v2\/media?parent=15363"}],"wp:term":[{"taxonomy":"category","embeddable":true,"href":"https:\/\/www.mubilexpo.eus\/fr\/wp-json\/wp\/v2\/categories?post=15363"},{"taxonomy":"post_tag","embeddable":true,"href":"https:\/\/www.mubilexpo.eus\/fr\/wp-json\/wp\/v2\/tags?post=15363"}],"curies":[{"name":"wp","href":"https:\/\/api.w.org\/{rel}","templated":true}]}}