{"id":3963,"date":"2023-04-21T08:35:53","date_gmt":"2023-04-21T06:35:53","guid":{"rendered":"https:\/\/www.mubilexpo.eus\/programme\/city-market-place\/"},"modified":"2025-03-28T09:10:33","modified_gmt":"2025-03-28T09:10:33","slug":"city-market-place","status":"publish","type":"page","link":"https:\/\/www.mubilexpo.eus\/fr\/programme\/city-market-place\/","title":{"rendered":"City market place"},"content":{"rendered":"\t\t<div data-elementor-type=\"wp-page\" data-elementor-id=\"3963\" class=\"elementor elementor-3963 elementor-443\" data-elementor-post-type=\"page\">\n\t\t\t\t\t\t<section class=\"elementor-section elementor-top-section elementor-element elementor-element-9994d9e elementor-section-height-min-height elementor-section-full_width elementor-section-height-default elementor-section-items-middle\" data-id=\"9994d9e\" data-element_type=\"section\" data-e-type=\"section\" data-settings=\"{&quot;background_background&quot;:&quot;classic&quot;}\">\n\t\t\t\t\t\t<div class=\"elementor-container elementor-column-gap-default\">\n\t\t\t\t\t<div class=\"elementor-column elementor-col-100 elementor-top-column elementor-element elementor-element-06fa4af\" data-id=\"06fa4af\" data-element_type=\"column\" data-e-type=\"column\">\n\t\t\t<div class=\"elementor-widget-wrap elementor-element-populated\">\n\t\t\t\t\t\t<div class=\"elementor-element elementor-element-621413f elementor-widget elementor-widget-heading\" data-id=\"621413f\" data-element_type=\"widget\" data-e-type=\"widget\" data-widget_type=\"heading.default\">\n\t\t\t\t<div class=\"elementor-widget-container\">\n\t\t\t\t\t<h1 class=\"elementor-heading-title elementor-size-default\"><strong>CITY MARKET PLACE<\/strong><\/h1>\t\t\t\t<\/div>\n\t\t\t\t<\/div>\n\t\t\t\t<section class=\"elementor-section elementor-inner-section elementor-element elementor-element-b9f8d7b elementor-section-full_width elementor-section-height-default elementor-section-height-default\" data-id=\"b9f8d7b\" data-element_type=\"section\" data-e-type=\"section\">\n\t\t\t\t\t\t<div class=\"elementor-container elementor-column-gap-default\">\n\t\t\t\t\t<div class=\"elementor-column elementor-col-50 elementor-inner-column elementor-element elementor-element-b5e066d\" data-id=\"b5e066d\" data-element_type=\"column\" data-e-type=\"column\">\n\t\t\t<div class=\"elementor-widget-wrap elementor-element-populated\">\n\t\t\t\t\t\t<div class=\"elementor-element elementor-element-eea099c elementor-widget__width-initial elementor-widget elementor-widget-image\" data-id=\"eea099c\" data-element_type=\"widget\" data-e-type=\"widget\" data-widget_type=\"image.default\">\n\t\t\t\t<div class=\"elementor-widget-container\">\n\t\t\t\t\t\t\t\t\t\t\t\t\t\t\t<img fetchpriority=\"high\" decoding=\"async\" width=\"800\" height=\"534\" src=\"https:\/\/www.mubilexpo.eus\/wp-content\/uploads\/2025\/03\/2404-MUBIL-FICOBA_508b-1024x683.jpg\" class=\"attachment-large size-large wp-image-13306\" alt=\"\" srcset=\"https:\/\/www.mubilexpo.eus\/wp-content\/uploads\/2025\/03\/2404-MUBIL-FICOBA_508b-1024x683.jpg 1024w, https:\/\/www.mubilexpo.eus\/wp-content\/uploads\/2025\/03\/2404-MUBIL-FICOBA_508b-300x200.jpg 300w, https:\/\/www.mubilexpo.eus\/wp-content\/uploads\/2025\/03\/2404-MUBIL-FICOBA_508b-768x512.jpg 768w, https:\/\/www.mubilexpo.eus\/wp-content\/uploads\/2025\/03\/2404-MUBIL-FICOBA_508b-1536x1024.jpg 1536w, https:\/\/www.mubilexpo.eus\/wp-content\/uploads\/2025\/03\/2404-MUBIL-FICOBA_508b.jpg 1800w\" sizes=\"(max-width: 800px) 100vw, 800px\" \/>\t\t\t\t\t\t\t\t\t\t\t\t\t\t\t<\/div>\n\t\t\t\t<\/div>\n\t\t\t\t\t<\/div>\n\t\t<\/div>\n\t\t\t\t<div class=\"elementor-column elementor-col-50 elementor-inner-column elementor-element elementor-element-301140d\" data-id=\"301140d\" data-element_type=\"column\" data-e-type=\"column\">\n\t\t\t<div class=\"elementor-widget-wrap elementor-element-populated\">\n\t\t\t\t\t\t<div class=\"elementor-element elementor-element-7aeab34 elementor-widget elementor-widget-text-editor\" data-id=\"7aeab34\" data-element_type=\"widget\" data-e-type=\"widget\" data-widget_type=\"text-editor.default\">\n\t\t\t\t<div class=\"elementor-widget-container\">\n\t\t\t\t\t\t\t\t\t<p class=\"p1\">MUBIL Mobility Expo organise cette activit\u00e9, qui vise \u00e0 r\u00e9unir les villes qui pr\u00e9sentent des d\u00e9fis sp\u00e9cifiques dans le domaine de la mobilit\u00e9 urbaine durable et les entreprises qui proposent des produits, des services et des solutions pour les relever. Les principales villes europ\u00e9ennes pr\u00e9senteront leurs projets, d\u00e9fis et pr\u00e9visions dans le domaine de la mobilit\u00e9 urbaine durable.<\/p>\n\t\t\t\t\t\t\t\t<\/div>\n\t\t\t\t<\/div>\n\t\t\t\t<div class=\"elementor-element elementor-element-c4421c6 elementor-widget elementor-widget-text-editor\" data-id=\"c4421c6\" data-element_type=\"widget\" data-e-type=\"widget\" data-widget_type=\"text-editor.default\">\n\t\t\t\t<div class=\"elementor-widget-container\">\n\t\t\t\t\t\t\t\t\t<p class=\"p1\">Quelques <strong>villes ayant particip\u00e9<\/strong> aux \u00e9ditions pr\u00e9c\u00e9dentes :<\/p>\n\t\t\t\t\t\t\t\t<\/div>\n\t\t\t\t<\/div>\n\t\t\t\t<div class=\"elementor-element elementor-element-a4c4c59 elementor-widget elementor-widget-text-editor\" data-id=\"a4c4c59\" data-element_type=\"widget\" data-e-type=\"widget\" data-widget_type=\"text-editor.default\">\n\t\t\t\t<div class=\"elementor-widget-container\">\n\t\t\t\t\t\t\t\t\t<p class=\"p1\"><span style=\"color: var( --e-global-color-f74dec4 ); font-family: var( --e-global-typography-text-font-family ), Sans-serif; font-size: var( --e-global-typography-text-font-size ); font-weight: var( --e-global-typography-text-font-weight ); background-color: var( --e-global-color-primary );\">&#8211; Istanbul (Turquie)<br \/><\/span>&#8211; Copenhague (Danemark)<br \/>&#8211; Thessalonique (Gr\u00e8ce)<br \/>&#8211; Dublin (Irlande)<br \/>&#8211; Dundee (\u00c9cosse)<br \/>&#8211; S\u00e8te (France)<br \/>&#8211; Rouen (France)<br \/>&#8211; Bordeaux (France)<br \/>&#8211; Braga (Portugal)<br \/>&#8211; Barcelone<br \/>&#8211; Madrid<br \/>&#8211; M\u00e1laga<br \/>&#8211; Alicante<br \/>&#8211; Santander<br \/>&#8211; Ourense<br \/>&#8211; Iru\u00f1a-Pamplona<br \/>&#8211; Bilbao<br \/>&#8211; Vitoria-Gasteiz<br \/>&#8211; Donostia-San Sebasti\u00e1n<br \/>&#8211; Irun<\/p>\n\t\t\t\t\t\t\t\t<\/div>\n\t\t\t\t<\/div>\n\t\t\t\t<div class=\"elementor-element elementor-element-fd344f0 elementor-widget-divider--view-line elementor-widget elementor-widget-divider\" data-id=\"fd344f0\" data-element_type=\"widget\" data-e-type=\"widget\" data-widget_type=\"divider.default\">\n\t\t\t\t<div class=\"elementor-widget-container\">\n\t\t\t\t\t\t\t<div class=\"elementor-divider\">\n\t\t\t<span class=\"elementor-divider-separator\">\n\t\t\t\t\t\t<\/span>\n\t\t<\/div>\n\t\t\t\t\t\t<\/div>\n\t\t\t\t<\/div>\n\t\t<div class=\"elementor-element elementor-element-c93b0a4 elementor-hidden-desktop elementor-hidden-tablet elementor-hidden-mobile e-flex e-con-boxed e-con e-parent\" data-id=\"c93b0a4\" data-element_type=\"container\" data-e-type=\"container\">\n\t\t\t\t\t<div class=\"e-con-inner\">\n\t\t\t\t<div class=\"elementor-element elementor-element-9efa241 elementor-mobile-align-left elementor-widget elementor-widget-global elementor-global-12699 elementor-global-12558 elementor-widget-button\" data-id=\"9efa241\" data-element_type=\"widget\" data-e-type=\"widget\" data-widget_type=\"button.default\">\n\t\t\t\t<div class=\"elementor-widget-container\">\n\t\t\t\t\t\t\t\t\t<div class=\"elementor-button-wrapper\">\n\t\t\t\t\t<a class=\"elementor-button elementor-button-link elementor-size-sm\" href=\"https:\/\/www.mubilexpo.eus\/wp-content\/uploads\/2024\/04\/RGB-MME24-programa_mano-A5-FR.pdf\" target=\"_blank\">\n\t\t\t\t\t\t<span class=\"elementor-button-content-wrapper\">\n\t\t\t\t\t\t<span class=\"elementor-button-icon\">\n\t\t\t\t<i aria-hidden=\"true\" class=\"fas fa-file-download\"><\/i>\t\t\t<\/span>\n\t\t\t\t\t\t\t\t\t<span class=\"elementor-button-text\">T\u00e9l\u00e9charger le programme<\/span>\n\t\t\t\t\t<\/span>\n\t\t\t\t\t<\/a>\n\t\t\t\t<\/div>\n\t\t\t\t\t\t\t\t<\/div>\n\t\t\t\t<\/div>\n\t\t\t\t\t<\/div>\n\t\t\t\t<\/div>\n\t\t\t\t\t<\/div>\n\t\t<\/div>\n\t\t\t\t\t<\/div>\n\t\t<\/section>\n\t\t\t\t\t<\/div>\n\t\t<\/div>\n\t\t\t\t\t<\/div>\n\t\t<\/section>\n\t\t<div class=\"elementor-element elementor-element-f88c14a e-con-full e-flex e-con e-parent\" data-id=\"f88c14a\" data-element_type=\"container\" data-e-type=\"container\" data-settings=\"{&quot;background_background&quot;:&quot;classic&quot;}\">\n\t\t\t\t<\/div>\n\t\t\t\t<\/div>\n\t\t","protected":false},"excerpt":{"rendered":"<p>CITY MARKET PLACE MUBIL Mobility Expo organise cette activit\u00e9, qui vise \u00e0 r\u00e9unir les villes qui pr\u00e9sentent des d\u00e9fis sp\u00e9cifiques dans le domaine de la mobilit\u00e9 urbaine durable et les entreprises qui proposent des produits, des services et des solutions pour les relever. Les principales villes europ\u00e9ennes pr\u00e9senteront leurs projets, d\u00e9fis et pr\u00e9visions dans le [&hellip;]<\/p>\n","protected":false},"author":4,"featured_media":0,"parent":10098,"menu_order":17,"comment_status":"closed","ping_status":"closed","template":"","meta":{"footnotes":""},"categories":[46],"tags":[],"class_list":["post-3963","page","type-page","status-publish","hentry","category-menu-programme-fr"],"yoast_head":"<!-- This site is optimized with the Yoast SEO plugin v27.1.1 - https:\/\/yoast.com\/product\/yoast-seo-wordpress\/ -->\n<title>City market place - Mubil Mobility Expo<\/title>\n<meta name=\"description\" content=\"City Market Place MUBIL Mobility Expo - avril 2024 Le salon professionnel de l&#039;industrie de la mobilit\u00e9 durable en Europe du Sud.\" \/>\n<meta name=\"robots\" content=\"index, follow, max-snippet:-1, max-image-preview:large, max-video-preview:-1\" \/>\n<link rel=\"canonical\" href=\"https:\/\/www.mubilexpo.eus\/programa-guardar\/city-market-place\/\" \/>\n<meta property=\"og:locale\" content=\"fr_FR\" \/>\n<meta property=\"og:type\" content=\"article\" \/>\n<meta property=\"og:title\" content=\"City market place - Mubil Mobility Expo\" \/>\n<meta property=\"og:description\" content=\"City Market Place MUBIL Mobility Expo - avril 2024 Le salon professionnel de l&#039;industrie de la mobilit\u00e9 durable en Europe du Sud.\" \/>\n<meta property=\"og:url\" content=\"https:\/\/www.mubilexpo.eus\/programa-guardar\/city-market-place\/\" \/>\n<meta property=\"og:site_name\" content=\"Mubil Mobility Expo\" \/>\n<meta property=\"article:modified_time\" content=\"2025-03-28T09:10:33+00:00\" \/>\n<meta property=\"og:image\" content=\"https:\/\/www.mubilexpo.eus\/wp-content\/uploads\/2025\/03\/2404-MUBIL-FICOBA_508b.jpg\" \/>\n\t<meta property=\"og:image:width\" content=\"1800\" \/>\n\t<meta property=\"og:image:height\" content=\"1200\" \/>\n\t<meta property=\"og:image:type\" content=\"image\/jpeg\" \/>\n<meta name=\"twitter:card\" content=\"summary_large_image\" \/>\n<meta name=\"twitter:site\" content=\"@mubilexpo\" \/>\n<meta name=\"twitter:label1\" content=\"Dur\u00e9e de lecture estim\u00e9e\" \/>\n\t<meta name=\"twitter:data1\" content=\"2 minutes\" \/>\n<script type=\"application\/ld+json\" class=\"yoast-schema-graph\">{\"@context\":\"https:\/\/schema.org\",\"@graph\":[{\"@type\":\"WebPage\",\"@id\":\"https:\/\/www.mubilexpo.eus\/programa-guardar\/city-market-place\/\",\"url\":\"https:\/\/www.mubilexpo.eus\/programa-guardar\/city-market-place\/\",\"name\":\"City market place - Mubil Mobility Expo\",\"isPartOf\":{\"@id\":\"https:\/\/www.mubilexpo.eus\/#website\"},\"primaryImageOfPage\":{\"@id\":\"https:\/\/www.mubilexpo.eus\/programa-guardar\/city-market-place\/#primaryimage\"},\"image\":{\"@id\":\"https:\/\/www.mubilexpo.eus\/programa-guardar\/city-market-place\/#primaryimage\"},\"thumbnailUrl\":\"https:\/\/www.mubilexpo.eus\/wp-content\/uploads\/2025\/03\/2404-MUBIL-FICOBA_508b-1024x683.jpg\",\"datePublished\":\"2023-04-21T06:35:53+00:00\",\"dateModified\":\"2025-03-28T09:10:33+00:00\",\"description\":\"City Market Place MUBIL Mobility Expo - avril 2024 Le salon professionnel de l'industrie de la mobilit\u00e9 durable en Europe du Sud.\",\"breadcrumb\":{\"@id\":\"https:\/\/www.mubilexpo.eus\/programa-guardar\/city-market-place\/#breadcrumb\"},\"inLanguage\":\"fr-FR\",\"potentialAction\":[{\"@type\":\"ReadAction\",\"target\":[\"https:\/\/www.mubilexpo.eus\/programa-guardar\/city-market-place\/\"]}]},{\"@type\":\"ImageObject\",\"inLanguage\":\"fr-FR\",\"@id\":\"https:\/\/www.mubilexpo.eus\/programa-guardar\/city-market-place\/#primaryimage\",\"url\":\"https:\/\/www.mubilexpo.eus\/wp-content\/uploads\/2025\/03\/2404-MUBIL-FICOBA_508b-1024x683.jpg\",\"contentUrl\":\"https:\/\/www.mubilexpo.eus\/wp-content\/uploads\/2025\/03\/2404-MUBIL-FICOBA_508b-1024x683.jpg\"},{\"@type\":\"BreadcrumbList\",\"@id\":\"https:\/\/www.mubilexpo.eus\/programa-guardar\/city-market-place\/#breadcrumb\",\"itemListElement\":[{\"@type\":\"ListItem\",\"position\":1,\"name\":\"Portada\",\"item\":\"https:\/\/www.mubilexpo.eus\/\"},{\"@type\":\"ListItem\",\"position\":2,\"name\":\"PROGRAMA-guardar\",\"item\":\"https:\/\/www.mubilexpo.eus\/?page_id=435\"},{\"@type\":\"ListItem\",\"position\":3,\"name\":\"City market place\"}]},{\"@type\":\"WebSite\",\"@id\":\"https:\/\/www.mubilexpo.eus\/#website\",\"url\":\"https:\/\/www.mubilexpo.eus\/\",\"name\":\"Mubil Mobility Expo\",\"description\":\"5e \u00e9dition du salon professionnel de la mobilit\u00e9 durable, avec des solutions industrielles et num\u00e9riques. 25\u201326 mars 2026 \u00e0 FICOBA (Basque Country).\",\"publisher\":{\"@id\":\"https:\/\/www.mubilexpo.eus\/#organization\"},\"alternateName\":\"La feria profesional de la industria de la movilidad sostenible en el sur de Europa.\",\"potentialAction\":[{\"@type\":\"SearchAction\",\"target\":{\"@type\":\"EntryPoint\",\"urlTemplate\":\"https:\/\/www.mubilexpo.eus\/?s={search_term_string}\"},\"query-input\":{\"@type\":\"PropertyValueSpecification\",\"valueRequired\":true,\"valueName\":\"search_term_string\"}}],\"inLanguage\":\"fr-FR\"},{\"@type\":\"Organization\",\"@id\":\"https:\/\/www.mubilexpo.eus\/#organization\",\"name\":\"Mubil Mobility Expo\",\"alternateName\":\"La feria profesional de la industria de la movilidad sostenible en el sur de Europa.\",\"url\":\"https:\/\/www.mubilexpo.eus\/\",\"logo\":{\"@type\":\"ImageObject\",\"inLanguage\":\"fr-FR\",\"@id\":\"https:\/\/www.mubilexpo.eus\/#\/schema\/logo\/image\/\",\"url\":\"https:\/\/www.mubilexpo.eus\/wp-content\/uploads\/2023\/05\/AZUL_horizontal.png\",\"contentUrl\":\"https:\/\/www.mubilexpo.eus\/wp-content\/uploads\/2023\/05\/AZUL_horizontal.png\",\"width\":3781,\"height\":286,\"caption\":\"Mubil Mobility Expo\"},\"image\":{\"@id\":\"https:\/\/www.mubilexpo.eus\/#\/schema\/logo\/image\/\"},\"sameAs\":[\"https:\/\/x.com\/mubilexpo\",\"https:\/\/www.linkedin.com\/company\/mubilexpo\/\"]}]}<\/script>\n<!-- \/ Yoast SEO plugin. -->","yoast_head_json":{"title":"City market place - Mubil Mobility Expo","description":"City Market Place MUBIL Mobility Expo - avril 2024 Le salon professionnel de l'industrie de la mobilit\u00e9 durable en Europe du Sud.","robots":{"index":"index","follow":"follow","max-snippet":"max-snippet:-1","max-image-preview":"max-image-preview:large","max-video-preview":"max-video-preview:-1"},"canonical":"https:\/\/www.mubilexpo.eus\/programa-guardar\/city-market-place\/","og_locale":"fr_FR","og_type":"article","og_title":"City market place - Mubil Mobility Expo","og_description":"City Market Place MUBIL Mobility Expo - avril 2024 Le salon professionnel de l'industrie de la mobilit\u00e9 durable en Europe du Sud.","og_url":"https:\/\/www.mubilexpo.eus\/programa-guardar\/city-market-place\/","og_site_name":"Mubil Mobility Expo","article_modified_time":"2025-03-28T09:10:33+00:00","og_image":[{"width":1800,"height":1200,"url":"https:\/\/www.mubilexpo.eus\/wp-content\/uploads\/2025\/03\/2404-MUBIL-FICOBA_508b.jpg","type":"image\/jpeg"}],"twitter_card":"summary_large_image","twitter_site":"@mubilexpo","twitter_misc":{"Dur\u00e9e de lecture estim\u00e9e":"2 minutes"},"schema":{"@context":"https:\/\/schema.org","@graph":[{"@type":"WebPage","@id":"https:\/\/www.mubilexpo.eus\/programa-guardar\/city-market-place\/","url":"https:\/\/www.mubilexpo.eus\/programa-guardar\/city-market-place\/","name":"City market place - Mubil Mobility Expo","isPartOf":{"@id":"https:\/\/www.mubilexpo.eus\/#website"},"primaryImageOfPage":{"@id":"https:\/\/www.mubilexpo.eus\/programa-guardar\/city-market-place\/#primaryimage"},"image":{"@id":"https:\/\/www.mubilexpo.eus\/programa-guardar\/city-market-place\/#primaryimage"},"thumbnailUrl":"https:\/\/www.mubilexpo.eus\/wp-content\/uploads\/2025\/03\/2404-MUBIL-FICOBA_508b-1024x683.jpg","datePublished":"2023-04-21T06:35:53+00:00","dateModified":"2025-03-28T09:10:33+00:00","description":"City Market Place MUBIL Mobility Expo - avril 2024 Le salon professionnel de l'industrie de la mobilit\u00e9 durable en Europe du Sud.","breadcrumb":{"@id":"https:\/\/www.mubilexpo.eus\/programa-guardar\/city-market-place\/#breadcrumb"},"inLanguage":"fr-FR","potentialAction":[{"@type":"ReadAction","target":["https:\/\/www.mubilexpo.eus\/programa-guardar\/city-market-place\/"]}]},{"@type":"ImageObject","inLanguage":"fr-FR","@id":"https:\/\/www.mubilexpo.eus\/programa-guardar\/city-market-place\/#primaryimage","url":"https:\/\/www.mubilexpo.eus\/wp-content\/uploads\/2025\/03\/2404-MUBIL-FICOBA_508b-1024x683.jpg","contentUrl":"https:\/\/www.mubilexpo.eus\/wp-content\/uploads\/2025\/03\/2404-MUBIL-FICOBA_508b-1024x683.jpg"},{"@type":"BreadcrumbList","@id":"https:\/\/www.mubilexpo.eus\/programa-guardar\/city-market-place\/#breadcrumb","itemListElement":[{"@type":"ListItem","position":1,"name":"Portada","item":"https:\/\/www.mubilexpo.eus\/"},{"@type":"ListItem","position":2,"name":"PROGRAMA-guardar","item":"https:\/\/www.mubilexpo.eus\/?page_id=435"},{"@type":"ListItem","position":3,"name":"City market place"}]},{"@type":"WebSite","@id":"https:\/\/www.mubilexpo.eus\/#website","url":"https:\/\/www.mubilexpo.eus\/","name":"Mubil Mobility Expo","description":"5e \u00e9dition du salon professionnel de la mobilit\u00e9 durable, avec des solutions industrielles et num\u00e9riques. 25\u201326 mars 2026 \u00e0 FICOBA (Basque Country).","publisher":{"@id":"https:\/\/www.mubilexpo.eus\/#organization"},"alternateName":"La feria profesional de la industria de la movilidad sostenible en el sur de Europa.","potentialAction":[{"@type":"SearchAction","target":{"@type":"EntryPoint","urlTemplate":"https:\/\/www.mubilexpo.eus\/?s={search_term_string}"},"query-input":{"@type":"PropertyValueSpecification","valueRequired":true,"valueName":"search_term_string"}}],"inLanguage":"fr-FR"},{"@type":"Organization","@id":"https:\/\/www.mubilexpo.eus\/#organization","name":"Mubil Mobility Expo","alternateName":"La feria profesional de la industria de la movilidad sostenible en el sur de Europa.","url":"https:\/\/www.mubilexpo.eus\/","logo":{"@type":"ImageObject","inLanguage":"fr-FR","@id":"https:\/\/www.mubilexpo.eus\/#\/schema\/logo\/image\/","url":"https:\/\/www.mubilexpo.eus\/wp-content\/uploads\/2023\/05\/AZUL_horizontal.png","contentUrl":"https:\/\/www.mubilexpo.eus\/wp-content\/uploads\/2023\/05\/AZUL_horizontal.png","width":3781,"height":286,"caption":"Mubil Mobility Expo"},"image":{"@id":"https:\/\/www.mubilexpo.eus\/#\/schema\/logo\/image\/"},"sameAs":["https:\/\/x.com\/mubilexpo","https:\/\/www.linkedin.com\/company\/mubilexpo\/"]}]}},"_links":{"self":[{"href":"https:\/\/www.mubilexpo.eus\/fr\/wp-json\/wp\/v2\/pages\/3963","targetHints":{"allow":["GET"]}}],"collection":[{"href":"https:\/\/www.mubilexpo.eus\/fr\/wp-json\/wp\/v2\/pages"}],"about":[{"href":"https:\/\/www.mubilexpo.eus\/fr\/wp-json\/wp\/v2\/types\/page"}],"author":[{"embeddable":true,"href":"https:\/\/www.mubilexpo.eus\/fr\/wp-json\/wp\/v2\/users\/4"}],"replies":[{"embeddable":true,"href":"https:\/\/www.mubilexpo.eus\/fr\/wp-json\/wp\/v2\/comments?post=3963"}],"version-history":[{"count":11,"href":"https:\/\/www.mubilexpo.eus\/fr\/wp-json\/wp\/v2\/pages\/3963\/revisions"}],"predecessor-version":[{"id":13312,"href":"https:\/\/www.mubilexpo.eus\/fr\/wp-json\/wp\/v2\/pages\/3963\/revisions\/13312"}],"up":[{"embeddable":true,"href":"https:\/\/www.mubilexpo.eus\/fr\/wp-json\/wp\/v2\/pages\/10098"}],"wp:attachment":[{"href":"https:\/\/www.mubilexpo.eus\/fr\/wp-json\/wp\/v2\/media?parent=3963"}],"wp:term":[{"taxonomy":"category","embeddable":true,"href":"https:\/\/www.mubilexpo.eus\/fr\/wp-json\/wp\/v2\/categories?post=3963"},{"taxonomy":"post_tag","embeddable":true,"href":"https:\/\/www.mubilexpo.eus\/fr\/wp-json\/wp\/v2\/tags?post=3963"}],"curies":[{"name":"wp","href":"https:\/\/api.w.org\/{rel}","templated":true}]}}