{"id":4808,"date":"2023-05-24T08:50:37","date_gmt":"2023-05-24T06:50:37","guid":{"rendered":"https:\/\/www.mubilexpo.eus\/visiteurs\/matchmaking\/"},"modified":"2026-03-30T08:56:16","modified_gmt":"2026-03-30T06:56:16","slug":"matchmaking","status":"publish","type":"page","link":"https:\/\/www.mubilexpo.eus\/fr\/visiteurs\/matchmaking\/","title":{"rendered":"Matchmaking"},"content":{"rendered":"\t\t<div data-elementor-type=\"wp-page\" data-elementor-id=\"4808\" class=\"elementor elementor-4808 elementor-4597\" data-elementor-post-type=\"page\">\n\t\t\t\t\t\t<section class=\"elementor-section elementor-top-section elementor-element elementor-element-3ae86169 elementor-section-full_width elementor-section-height-default elementor-section-height-default\" data-id=\"3ae86169\" data-element_type=\"section\" data-e-type=\"section\" data-settings=\"{&quot;background_background&quot;:&quot;classic&quot;}\">\n\t\t\t\t\t\t<div class=\"elementor-container elementor-column-gap-default\">\n\t\t\t\t\t<div class=\"elementor-column elementor-col-100 elementor-top-column elementor-element elementor-element-6082de05\" data-id=\"6082de05\" data-element_type=\"column\" data-e-type=\"column\">\n\t\t\t<div class=\"elementor-widget-wrap elementor-element-populated\">\n\t\t\t\t\t\t<div class=\"elementor-element elementor-element-16f9293f elementor-widget elementor-widget-heading\" data-id=\"16f9293f\" data-element_type=\"widget\" data-e-type=\"widget\" data-widget_type=\"heading.default\">\n\t\t\t\t<div class=\"elementor-widget-container\">\n\t\t\t\t\t<h2 class=\"elementor-heading-title elementor-size-default\"> <strong>MATCHMAKING<\/strong><\/h2>\t\t\t\t<\/div>\n\t\t\t\t<\/div>\n\t\t\t\t\t<\/div>\n\t\t<\/div>\n\t\t\t\t\t<\/div>\n\t\t<\/section>\n\t\t<div class=\"elementor-element elementor-element-768f3c3 e-flex e-con-boxed e-con e-parent\" data-id=\"768f3c3\" data-element_type=\"container\" data-e-type=\"container\">\n\t\t\t\t\t<div class=\"e-con-inner\">\n\t\t\t\t<div class=\"elementor-element elementor-element-e6ae5cf elementor-widget elementor-widget-heading\" data-id=\"e6ae5cf\" data-element_type=\"widget\" data-e-type=\"widget\" data-widget_type=\"heading.default\">\n\t\t\t\t<div class=\"elementor-widget-container\">\n\t\t\t\t\t<h2 class=\"elementor-heading-title elementor-size-default\">AGENDA DE R\u00c9UNIONS B2B<\/h2>\t\t\t\t<\/div>\n\t\t\t\t<\/div>\n\t\t\t\t\t<\/div>\n\t\t\t\t<\/div>\n\t\t<div class=\"elementor-element elementor-element-ad03ca0 e-con-full e-flex e-con e-parent\" data-id=\"ad03ca0\" data-element_type=\"container\" data-e-type=\"container\">\n\t\t<div class=\"elementor-element elementor-element-fe53cbc e-con-full e-flex e-con e-child\" data-id=\"fe53cbc\" data-element_type=\"container\" data-e-type=\"container\">\n\t\t\t\t<div class=\"elementor-element elementor-element-d87f3ae elementor-widget elementor-widget-image\" data-id=\"d87f3ae\" data-element_type=\"widget\" data-e-type=\"widget\" data-widget_type=\"image.default\">\n\t\t\t\t<div class=\"elementor-widget-container\">\n\t\t\t\t\t\t\t\t\t\t\t\t\t\t\t<img fetchpriority=\"high\" decoding=\"async\" width=\"800\" height=\"534\" src=\"https:\/\/www.mubilexpo.eus\/wp-content\/uploads\/2025\/03\/2404-MUBIL-FICOBA_465b-1024x683.jpg\" class=\"attachment-large size-large wp-image-13267\" alt=\"\" srcset=\"https:\/\/www.mubilexpo.eus\/wp-content\/uploads\/2025\/03\/2404-MUBIL-FICOBA_465b-1024x683.jpg 1024w, https:\/\/www.mubilexpo.eus\/wp-content\/uploads\/2025\/03\/2404-MUBIL-FICOBA_465b-300x200.jpg 300w, https:\/\/www.mubilexpo.eus\/wp-content\/uploads\/2025\/03\/2404-MUBIL-FICOBA_465b-768x512.jpg 768w, https:\/\/www.mubilexpo.eus\/wp-content\/uploads\/2025\/03\/2404-MUBIL-FICOBA_465b-1536x1024.jpg 1536w, https:\/\/www.mubilexpo.eus\/wp-content\/uploads\/2025\/03\/2404-MUBIL-FICOBA_465b.jpg 1800w\" sizes=\"(max-width: 800px) 100vw, 800px\" \/>\t\t\t\t\t\t\t\t\t\t\t\t\t\t\t<\/div>\n\t\t\t\t<\/div>\n\t\t\t\t<\/div>\n\t\t<div class=\"elementor-element elementor-element-0f3c70b e-con-full e-flex e-con e-child\" data-id=\"0f3c70b\" data-element_type=\"container\" data-e-type=\"container\">\n\t\t\t\t<div class=\"elementor-element elementor-element-def7a89 elementor-widget elementor-widget-heading\" data-id=\"def7a89\" data-element_type=\"widget\" data-e-type=\"widget\" data-widget_type=\"heading.default\">\n\t\t\t\t<div class=\"elementor-widget-container\">\n\t\t\t\t\t<p class=\"elementor-heading-title elementor-size-default\">Organisez votre agenda et tirez le meilleur parti de votre participation au salon.<\/p>\t\t\t\t<\/div>\n\t\t\t\t<\/div>\n\t\t\t\t<div class=\"elementor-element elementor-element-d9bf4cd elementor-widget elementor-widget-text-editor\" data-id=\"d9bf4cd\" data-element_type=\"widget\" data-e-type=\"widget\" data-widget_type=\"text-editor.default\">\n\t\t\t\t<div class=\"elementor-widget-container\">\n\t\t\t\t\t\t\t\t\t<p>Les exposants et les visiteurs ont la possibilit\u00e9 de se contacter pour organiser des r\u00e9unions pendant le salon.<\/p><p>La participation au Matchmaking offre acc\u00e8s direct aux clients, gestionnaires et chercheurs des principaux acteurs de l&rsquo;industrie d\u00e9sireux d&rsquo;\u00e9changer des informations pour d\u00e9finir et contracter les meilleures solutions de mobilit\u00e9 durable.<\/p>\t\t\t\t\t\t\t\t<\/div>\n\t\t\t\t<\/div>\n\t\t\t\t<div class=\"elementor-element elementor-element-25e0101 elementor-hidden-desktop elementor-hidden-tablet elementor-hidden-mobile elementor-hidden-widescreen elementor-hidden-laptop elementor-hidden-tablet_extra elementor-hidden-mobile_extra elementor-widget elementor-widget-text-editor\" data-id=\"25e0101\" data-element_type=\"widget\" data-e-type=\"widget\" data-widget_type=\"text-editor.default\">\n\t\t\t\t<div class=\"elementor-widget-container\">\n\t\t\t\t\t\t\t\t\t<p>Votre badge de visiteur vous permettra d&rsquo;acc\u00e9der au service Matchmaking et d&rsquo;organiser des rencontres avec les entreprises exposantes pendant les deux jours du salon.<\/p>\t\t\t\t\t\t\t\t<\/div>\n\t\t\t\t<\/div>\n\t\t\t\t<div class=\"elementor-element elementor-element-c116025 elementor-hidden-desktop elementor-hidden-tablet elementor-hidden-mobile elementor-hidden-widescreen elementor-hidden-laptop elementor-hidden-tablet_extra elementor-hidden-mobile_extra elementor-widget elementor-widget-button\" data-id=\"c116025\" data-element_type=\"widget\" data-e-type=\"widget\" data-widget_type=\"button.default\">\n\t\t\t\t<div class=\"elementor-widget-container\">\n\t\t\t\t\t\t\t\t\t<div class=\"elementor-button-wrapper\">\n\t\t\t\t\t<a class=\"elementor-button elementor-button-link elementor-size-sm\" href=\"#\">\n\t\t\t\t\t\t<span class=\"elementor-button-content-wrapper\">\n\t\t\t\t\t\t\t\t\t<span class=\"elementor-button-text\">Demande d'accr\u00e9ditation ici<\/span>\n\t\t\t\t\t<\/span>\n\t\t\t\t\t<\/a>\n\t\t\t\t<\/div>\n\t\t\t\t\t\t\t\t<\/div>\n\t\t\t\t<\/div>\n\t\t\t\t<\/div>\n\t\t\t\t<\/div>\n\t\t\t\t<section class=\"elementor-section elementor-top-section elementor-element elementor-element-7dd8698 elementor-section-full_width elementor-section-content-middle elementor-reverse-mobile elementor-hidden-widescreen elementor-hidden-desktop elementor-hidden-laptop elementor-hidden-tablet_extra elementor-hidden-tablet elementor-hidden-mobile_extra elementor-hidden-mobile elementor-section-height-default elementor-section-height-default\" data-id=\"7dd8698\" data-element_type=\"section\" data-e-type=\"section\" data-settings=\"{&quot;background_background&quot;:&quot;classic&quot;}\">\n\t\t\t\t\t\t<div class=\"elementor-container elementor-column-gap-default\">\n\t\t\t\t\t<div class=\"elementor-column elementor-col-50 elementor-top-column elementor-element elementor-element-d36eab6\" data-id=\"d36eab6\" data-element_type=\"column\" data-e-type=\"column\">\n\t\t\t<div class=\"elementor-widget-wrap elementor-element-populated\">\n\t\t\t\t\t\t<div class=\"elementor-element elementor-element-eb03b97 elementor-hidden-desktop elementor-hidden-tablet elementor-hidden-mobile elementor-widget elementor-widget-heading\" data-id=\"eb03b97\" data-element_type=\"widget\" data-e-type=\"widget\" data-widget_type=\"heading.default\">\n\t\t\t\t<div class=\"elementor-widget-container\">\n\t\t\t\t\t<h3 class=\"elementor-heading-title elementor-size-default\">MUBIL MOBILITY EXPO EXPOSANTS<\/h3>\t\t\t\t<\/div>\n\t\t\t\t<\/div>\n\t\t\t\t<div class=\"elementor-element elementor-element-2cf443d elementor-widget elementor-widget-heading\" data-id=\"2cf443d\" data-element_type=\"widget\" data-e-type=\"widget\" data-widget_type=\"heading.default\">\n\t\t\t\t<div class=\"elementor-widget-container\">\n\t\t\t\t\t<h1 class=\"elementor-heading-title elementor-size-default\"><strong>VOULEZ-VOUS VISITER LE SALON ?<\/strong><\/h1>\t\t\t\t<\/div>\n\t\t\t\t<\/div>\n\t\t\t\t<div class=\"elementor-element elementor-element-3bbf401 elementor-widget elementor-widget-heading\" data-id=\"3bbf401\" data-element_type=\"widget\" data-e-type=\"widget\" data-widget_type=\"heading.default\">\n\t\t\t\t<div class=\"elementor-widget-container\">\n\t\t\t\t\t<h1 class=\"elementor-heading-title elementor-size-default\">INSCRIVEZ-VOUS GRATUITEMENT<\/h1>\t\t\t\t<\/div>\n\t\t\t\t<\/div>\n\t\t\t\t<section class=\"elementor-section elementor-inner-section elementor-element elementor-element-b4993bd elementor-section-content-middle elementor-section-boxed elementor-section-height-default elementor-section-height-default\" data-id=\"b4993bd\" data-element_type=\"section\" data-e-type=\"section\">\n\t\t\t\t\t\t<div class=\"elementor-container elementor-column-gap-default\">\n\t\t\t\t\t<div class=\"elementor-column elementor-col-50 elementor-inner-column elementor-element elementor-element-80c0842\" data-id=\"80c0842\" data-element_type=\"column\" data-e-type=\"column\">\n\t\t\t<div class=\"elementor-widget-wrap elementor-element-populated\">\n\t\t\t\t\t\t<div class=\"elementor-element elementor-element-f3e657a elementor-mobile-align-left elementor-widget elementor-widget-button\" data-id=\"f3e657a\" data-element_type=\"widget\" data-e-type=\"widget\" data-widget_type=\"button.default\">\n\t\t\t\t<div class=\"elementor-widget-container\">\n\t\t\t\t\t\t\t\t\t<div class=\"elementor-button-wrapper\">\n\t\t\t\t\t<a class=\"elementor-button elementor-button-link elementor-size-sm\" href=\"https:\/\/www.mubilexpo.eus\/fr\/visiteurs\/inscription-visiteurs\/\" id=\"inscripcion_button_seg\">\n\t\t\t\t\t\t<span class=\"elementor-button-content-wrapper\">\n\t\t\t\t\t\t\t\t\t<span class=\"elementor-button-text\">Formulaire d'inscription<\/span>\n\t\t\t\t\t<\/span>\n\t\t\t\t\t<\/a>\n\t\t\t\t<\/div>\n\t\t\t\t\t\t\t\t<\/div>\n\t\t\t\t<\/div>\n\t\t\t\t<div class=\"elementor-element elementor-element-492fb47 elementor-mobile-align-left elementor-hidden-desktop elementor-hidden-tablet elementor-hidden-mobile elementor-hidden-widescreen elementor-hidden-laptop elementor-hidden-tablet_extra elementor-hidden-mobile_extra elementor-widget elementor-widget-button\" data-id=\"492fb47\" data-element_type=\"widget\" data-e-type=\"widget\" data-widget_type=\"button.default\">\n\t\t\t\t<div class=\"elementor-widget-container\">\n\t\t\t\t\t\t\t\t\t<div class=\"elementor-button-wrapper\">\n\t\t\t\t\t<a class=\"elementor-button elementor-button-link elementor-size-sm\" href=\"https:\/\/www.mubilexpo.eus\/fr\/liste-des-exposants\/\">\n\t\t\t\t\t\t<span class=\"elementor-button-content-wrapper\">\n\t\t\t\t\t\t\t\t\t<span class=\"elementor-button-text\">Liste des exposants<\/span>\n\t\t\t\t\t<\/span>\n\t\t\t\t\t<\/a>\n\t\t\t\t<\/div>\n\t\t\t\t\t\t\t\t<\/div>\n\t\t\t\t<\/div>\n\t\t\t\t\t<\/div>\n\t\t<\/div>\n\t\t\t\t<div class=\"elementor-column elementor-col-50 elementor-inner-column elementor-element elementor-element-3139733\" data-id=\"3139733\" data-element_type=\"column\" data-e-type=\"column\">\n\t\t\t<div class=\"elementor-widget-wrap\">\n\t\t\t\t\t\t\t<\/div>\n\t\t<\/div>\n\t\t\t\t\t<\/div>\n\t\t<\/section>\n\t\t\t\t\t<\/div>\n\t\t<\/div>\n\t\t\t\t<div class=\"elementor-column elementor-col-50 elementor-top-column elementor-element elementor-element-2cdd9f8\" data-id=\"2cdd9f8\" data-element_type=\"column\" data-e-type=\"column\">\n\t\t\t<div class=\"elementor-widget-wrap elementor-element-populated\">\n\t\t\t\t\t\t<div class=\"elementor-element elementor-element-a366113 elementor-widget-tablet__width-initial elementor-widget elementor-widget-image\" data-id=\"a366113\" data-element_type=\"widget\" data-e-type=\"widget\" data-widget_type=\"image.default\">\n\t\t\t\t<div class=\"elementor-widget-container\">\n\t\t\t\t\t\t\t\t\t\t\t\t\t\t\t<img decoding=\"async\" width=\"532\" height=\"532\" src=\"https:\/\/www.mubilexpo.eus\/wp-content\/uploads\/2023\/04\/Trazado-875-2.png\" class=\"attachment-large size-large wp-image-1979\" alt=\"\" srcset=\"https:\/\/www.mubilexpo.eus\/wp-content\/uploads\/2023\/04\/Trazado-875-2.png 532w, https:\/\/www.mubilexpo.eus\/wp-content\/uploads\/2023\/04\/Trazado-875-2-300x300.png 300w, https:\/\/www.mubilexpo.eus\/wp-content\/uploads\/2023\/04\/Trazado-875-2-150x150.png 150w\" sizes=\"(max-width: 532px) 100vw, 532px\" \/>\t\t\t\t\t\t\t\t\t\t\t\t\t\t\t<\/div>\n\t\t\t\t<\/div>\n\t\t\t\t\t<\/div>\n\t\t<\/div>\n\t\t\t\t\t<\/div>\n\t\t<\/section>\n\t\t\t\t<\/div>\n\t\t","protected":false},"excerpt":{"rendered":"<p>MATCHMAKING AGENDA DE R\u00c9UNIONS B2B Organisez votre agenda et tirez le meilleur parti de votre participation au salon. Les exposants et les visiteurs ont la possibilit\u00e9 de se contacter pour organiser des r\u00e9unions pendant le salon. La participation au Matchmaking offre acc\u00e8s direct aux clients, gestionnaires et chercheurs des principaux acteurs de l&rsquo;industrie d\u00e9sireux d&rsquo;\u00e9changer [&hellip;]<\/p>\n","protected":false},"author":4,"featured_media":0,"parent":4650,"menu_order":2,"comment_status":"closed","ping_status":"closed","template":"","meta":{"footnotes":""},"categories":[52],"tags":[],"class_list":["post-4808","page","type-page","status-publish","hentry","category-menu-visitantes-fr"],"yoast_head":"<!-- This site is optimized with the Yoast SEO plugin v27.1.1 - https:\/\/yoast.com\/product\/yoast-seo-wordpress\/ -->\n<title>Matchmaking - Mubil Mobility Expo<\/title>\n<meta name=\"description\" content=\"Matchmaking. MUBIL Mobility Expo - avril 2024 Le salon professionnel de l&#039;industrie de la mobilit\u00e9 durable en Europe du Sud.\" \/>\n<meta name=\"robots\" content=\"index, follow, max-snippet:-1, max-image-preview:large, max-video-preview:-1\" \/>\n<link rel=\"canonical\" href=\"https:\/\/www.mubilexpo.eus\/visitantes\/matchmaking\/\" \/>\n<meta property=\"og:locale\" content=\"fr_FR\" \/>\n<meta property=\"og:type\" content=\"article\" \/>\n<meta property=\"og:title\" content=\"Matchmaking - Mubil Mobility Expo\" \/>\n<meta property=\"og:description\" content=\"Matchmaking. MUBIL Mobility Expo - avril 2024 Le salon professionnel de l&#039;industrie de la mobilit\u00e9 durable en Europe du Sud.\" \/>\n<meta property=\"og:url\" content=\"https:\/\/www.mubilexpo.eus\/visitantes\/matchmaking\/\" \/>\n<meta property=\"og:site_name\" content=\"Mubil Mobility Expo\" \/>\n<meta property=\"article:modified_time\" content=\"2026-03-30T06:56:16+00:00\" \/>\n<meta property=\"og:image\" content=\"https:\/\/www.mubilexpo.eus\/wp-content\/uploads\/2025\/03\/2404-MUBIL-FICOBA_465b.jpg\" \/>\n\t<meta property=\"og:image:width\" content=\"1800\" \/>\n\t<meta property=\"og:image:height\" content=\"1200\" \/>\n\t<meta property=\"og:image:type\" content=\"image\/jpeg\" \/>\n<meta name=\"twitter:card\" content=\"summary_large_image\" \/>\n<meta name=\"twitter:site\" content=\"@mubilexpo\" \/>\n<meta name=\"twitter:label1\" content=\"Dur\u00e9e de lecture estim\u00e9e\" \/>\n\t<meta name=\"twitter:data1\" content=\"1 minute\" \/>\n<script type=\"application\/ld+json\" class=\"yoast-schema-graph\">{\"@context\":\"https:\/\/schema.org\",\"@graph\":[{\"@type\":\"WebPage\",\"@id\":\"https:\/\/www.mubilexpo.eus\/visitantes\/matchmaking\/\",\"url\":\"https:\/\/www.mubilexpo.eus\/visitantes\/matchmaking\/\",\"name\":\"Matchmaking - Mubil Mobility Expo\",\"isPartOf\":{\"@id\":\"https:\/\/www.mubilexpo.eus\/#website\"},\"primaryImageOfPage\":{\"@id\":\"https:\/\/www.mubilexpo.eus\/visitantes\/matchmaking\/#primaryimage\"},\"image\":{\"@id\":\"https:\/\/www.mubilexpo.eus\/visitantes\/matchmaking\/#primaryimage\"},\"thumbnailUrl\":\"https:\/\/www.mubilexpo.eus\/wp-content\/uploads\/2025\/03\/2404-MUBIL-FICOBA_465b-1024x683.jpg\",\"datePublished\":\"2023-05-24T06:50:37+00:00\",\"dateModified\":\"2026-03-30T06:56:16+00:00\",\"description\":\"Matchmaking. MUBIL Mobility Expo - avril 2024 Le salon professionnel de l'industrie de la mobilit\u00e9 durable en Europe du Sud.\",\"breadcrumb\":{\"@id\":\"https:\/\/www.mubilexpo.eus\/visitantes\/matchmaking\/#breadcrumb\"},\"inLanguage\":\"fr-FR\",\"potentialAction\":[{\"@type\":\"ReadAction\",\"target\":[\"https:\/\/www.mubilexpo.eus\/visitantes\/matchmaking\/\"]}]},{\"@type\":\"ImageObject\",\"inLanguage\":\"fr-FR\",\"@id\":\"https:\/\/www.mubilexpo.eus\/visitantes\/matchmaking\/#primaryimage\",\"url\":\"https:\/\/www.mubilexpo.eus\/wp-content\/uploads\/2025\/03\/2404-MUBIL-FICOBA_465b-1024x683.jpg\",\"contentUrl\":\"https:\/\/www.mubilexpo.eus\/wp-content\/uploads\/2025\/03\/2404-MUBIL-FICOBA_465b-1024x683.jpg\"},{\"@type\":\"BreadcrumbList\",\"@id\":\"https:\/\/www.mubilexpo.eus\/visitantes\/matchmaking\/#breadcrumb\",\"itemListElement\":[{\"@type\":\"ListItem\",\"position\":1,\"name\":\"Portada\",\"item\":\"https:\/\/www.mubilexpo.eus\/\"},{\"@type\":\"ListItem\",\"position\":2,\"name\":\"VISITEURS\",\"item\":\"https:\/\/www.mubilexpo.eus\/fr\/visiteurs\/\"},{\"@type\":\"ListItem\",\"position\":3,\"name\":\"Matchmaking\"}]},{\"@type\":\"WebSite\",\"@id\":\"https:\/\/www.mubilexpo.eus\/#website\",\"url\":\"https:\/\/www.mubilexpo.eus\/\",\"name\":\"Mubil Mobility Expo\",\"description\":\"5e \u00e9dition du salon professionnel de la mobilit\u00e9 durable, avec des solutions industrielles et num\u00e9riques. 25\u201326 mars 2026 \u00e0 FICOBA (Basque Country).\",\"publisher\":{\"@id\":\"https:\/\/www.mubilexpo.eus\/#organization\"},\"alternateName\":\"La feria profesional de la industria de la movilidad sostenible en el sur de Europa.\",\"potentialAction\":[{\"@type\":\"SearchAction\",\"target\":{\"@type\":\"EntryPoint\",\"urlTemplate\":\"https:\/\/www.mubilexpo.eus\/?s={search_term_string}\"},\"query-input\":{\"@type\":\"PropertyValueSpecification\",\"valueRequired\":true,\"valueName\":\"search_term_string\"}}],\"inLanguage\":\"fr-FR\"},{\"@type\":\"Organization\",\"@id\":\"https:\/\/www.mubilexpo.eus\/#organization\",\"name\":\"Mubil Mobility Expo\",\"alternateName\":\"La feria profesional de la industria de la movilidad sostenible en el sur de Europa.\",\"url\":\"https:\/\/www.mubilexpo.eus\/\",\"logo\":{\"@type\":\"ImageObject\",\"inLanguage\":\"fr-FR\",\"@id\":\"https:\/\/www.mubilexpo.eus\/#\/schema\/logo\/image\/\",\"url\":\"https:\/\/www.mubilexpo.eus\/wp-content\/uploads\/2023\/05\/AZUL_horizontal.png\",\"contentUrl\":\"https:\/\/www.mubilexpo.eus\/wp-content\/uploads\/2023\/05\/AZUL_horizontal.png\",\"width\":3781,\"height\":286,\"caption\":\"Mubil Mobility Expo\"},\"image\":{\"@id\":\"https:\/\/www.mubilexpo.eus\/#\/schema\/logo\/image\/\"},\"sameAs\":[\"https:\/\/x.com\/mubilexpo\",\"https:\/\/www.linkedin.com\/company\/mubilexpo\/\"]}]}<\/script>\n<!-- \/ Yoast SEO plugin. -->","yoast_head_json":{"title":"Matchmaking - Mubil Mobility Expo","description":"Matchmaking. MUBIL Mobility Expo - avril 2024 Le salon professionnel de l'industrie de la mobilit\u00e9 durable en Europe du Sud.","robots":{"index":"index","follow":"follow","max-snippet":"max-snippet:-1","max-image-preview":"max-image-preview:large","max-video-preview":"max-video-preview:-1"},"canonical":"https:\/\/www.mubilexpo.eus\/visitantes\/matchmaking\/","og_locale":"fr_FR","og_type":"article","og_title":"Matchmaking - Mubil Mobility Expo","og_description":"Matchmaking. MUBIL Mobility Expo - avril 2024 Le salon professionnel de l'industrie de la mobilit\u00e9 durable en Europe du Sud.","og_url":"https:\/\/www.mubilexpo.eus\/visitantes\/matchmaking\/","og_site_name":"Mubil Mobility Expo","article_modified_time":"2026-03-30T06:56:16+00:00","og_image":[{"width":1800,"height":1200,"url":"https:\/\/www.mubilexpo.eus\/wp-content\/uploads\/2025\/03\/2404-MUBIL-FICOBA_465b.jpg","type":"image\/jpeg"}],"twitter_card":"summary_large_image","twitter_site":"@mubilexpo","twitter_misc":{"Dur\u00e9e de lecture estim\u00e9e":"1 minute"},"schema":{"@context":"https:\/\/schema.org","@graph":[{"@type":"WebPage","@id":"https:\/\/www.mubilexpo.eus\/visitantes\/matchmaking\/","url":"https:\/\/www.mubilexpo.eus\/visitantes\/matchmaking\/","name":"Matchmaking - Mubil Mobility Expo","isPartOf":{"@id":"https:\/\/www.mubilexpo.eus\/#website"},"primaryImageOfPage":{"@id":"https:\/\/www.mubilexpo.eus\/visitantes\/matchmaking\/#primaryimage"},"image":{"@id":"https:\/\/www.mubilexpo.eus\/visitantes\/matchmaking\/#primaryimage"},"thumbnailUrl":"https:\/\/www.mubilexpo.eus\/wp-content\/uploads\/2025\/03\/2404-MUBIL-FICOBA_465b-1024x683.jpg","datePublished":"2023-05-24T06:50:37+00:00","dateModified":"2026-03-30T06:56:16+00:00","description":"Matchmaking. MUBIL Mobility Expo - avril 2024 Le salon professionnel de l'industrie de la mobilit\u00e9 durable en Europe du Sud.","breadcrumb":{"@id":"https:\/\/www.mubilexpo.eus\/visitantes\/matchmaking\/#breadcrumb"},"inLanguage":"fr-FR","potentialAction":[{"@type":"ReadAction","target":["https:\/\/www.mubilexpo.eus\/visitantes\/matchmaking\/"]}]},{"@type":"ImageObject","inLanguage":"fr-FR","@id":"https:\/\/www.mubilexpo.eus\/visitantes\/matchmaking\/#primaryimage","url":"https:\/\/www.mubilexpo.eus\/wp-content\/uploads\/2025\/03\/2404-MUBIL-FICOBA_465b-1024x683.jpg","contentUrl":"https:\/\/www.mubilexpo.eus\/wp-content\/uploads\/2025\/03\/2404-MUBIL-FICOBA_465b-1024x683.jpg"},{"@type":"BreadcrumbList","@id":"https:\/\/www.mubilexpo.eus\/visitantes\/matchmaking\/#breadcrumb","itemListElement":[{"@type":"ListItem","position":1,"name":"Portada","item":"https:\/\/www.mubilexpo.eus\/"},{"@type":"ListItem","position":2,"name":"VISITEURS","item":"https:\/\/www.mubilexpo.eus\/fr\/visiteurs\/"},{"@type":"ListItem","position":3,"name":"Matchmaking"}]},{"@type":"WebSite","@id":"https:\/\/www.mubilexpo.eus\/#website","url":"https:\/\/www.mubilexpo.eus\/","name":"Mubil Mobility Expo","description":"5e \u00e9dition du salon professionnel de la mobilit\u00e9 durable, avec des solutions industrielles et num\u00e9riques. 25\u201326 mars 2026 \u00e0 FICOBA (Basque Country).","publisher":{"@id":"https:\/\/www.mubilexpo.eus\/#organization"},"alternateName":"La feria profesional de la industria de la movilidad sostenible en el sur de Europa.","potentialAction":[{"@type":"SearchAction","target":{"@type":"EntryPoint","urlTemplate":"https:\/\/www.mubilexpo.eus\/?s={search_term_string}"},"query-input":{"@type":"PropertyValueSpecification","valueRequired":true,"valueName":"search_term_string"}}],"inLanguage":"fr-FR"},{"@type":"Organization","@id":"https:\/\/www.mubilexpo.eus\/#organization","name":"Mubil Mobility Expo","alternateName":"La feria profesional de la industria de la movilidad sostenible en el sur de Europa.","url":"https:\/\/www.mubilexpo.eus\/","logo":{"@type":"ImageObject","inLanguage":"fr-FR","@id":"https:\/\/www.mubilexpo.eus\/#\/schema\/logo\/image\/","url":"https:\/\/www.mubilexpo.eus\/wp-content\/uploads\/2023\/05\/AZUL_horizontal.png","contentUrl":"https:\/\/www.mubilexpo.eus\/wp-content\/uploads\/2023\/05\/AZUL_horizontal.png","width":3781,"height":286,"caption":"Mubil Mobility Expo"},"image":{"@id":"https:\/\/www.mubilexpo.eus\/#\/schema\/logo\/image\/"},"sameAs":["https:\/\/x.com\/mubilexpo","https:\/\/www.linkedin.com\/company\/mubilexpo\/"]}]}},"_links":{"self":[{"href":"https:\/\/www.mubilexpo.eus\/fr\/wp-json\/wp\/v2\/pages\/4808","targetHints":{"allow":["GET"]}}],"collection":[{"href":"https:\/\/www.mubilexpo.eus\/fr\/wp-json\/wp\/v2\/pages"}],"about":[{"href":"https:\/\/www.mubilexpo.eus\/fr\/wp-json\/wp\/v2\/types\/page"}],"author":[{"embeddable":true,"href":"https:\/\/www.mubilexpo.eus\/fr\/wp-json\/wp\/v2\/users\/4"}],"replies":[{"embeddable":true,"href":"https:\/\/www.mubilexpo.eus\/fr\/wp-json\/wp\/v2\/comments?post=4808"}],"version-history":[{"count":13,"href":"https:\/\/www.mubilexpo.eus\/fr\/wp-json\/wp\/v2\/pages\/4808\/revisions"}],"predecessor-version":[{"id":18399,"href":"https:\/\/www.mubilexpo.eus\/fr\/wp-json\/wp\/v2\/pages\/4808\/revisions\/18399"}],"up":[{"embeddable":true,"href":"https:\/\/www.mubilexpo.eus\/fr\/wp-json\/wp\/v2\/pages\/4650"}],"wp:attachment":[{"href":"https:\/\/www.mubilexpo.eus\/fr\/wp-json\/wp\/v2\/media?parent=4808"}],"wp:term":[{"taxonomy":"category","embeddable":true,"href":"https:\/\/www.mubilexpo.eus\/fr\/wp-json\/wp\/v2\/categories?post=4808"},{"taxonomy":"post_tag","embeddable":true,"href":"https:\/\/www.mubilexpo.eus\/fr\/wp-json\/wp\/v2\/tags?post=4808"}],"curies":[{"name":"wp","href":"https:\/\/api.w.org\/{rel}","templated":true}]}}